{"id":1517,"date":"2024-04-06T14:41:15","date_gmt":"2024-04-06T14:41:15","guid":{"rendered":"https:\/\/eryd.com\/actualites\/"},"modified":"2024-04-18T14:39:39","modified_gmt":"2024-04-18T14:39:39","slug":"actualites","status":"publish","type":"page","link":"https:\/\/eryd.com\/fr\/actualites\/","title":{"rendered":"Actualit\u00e9s"},"content":{"rendered":"\t\t<div data-elementor-type=\"wp-page\" data-elementor-id=\"1517\" class=\"elementor elementor-1517\" data-elementor-post-type=\"page\">\n\t\t\t\t<div class=\"elementor-element elementor-element-1f3a3c6c e-flex e-con-boxed e-con e-parent\" data-id=\"1f3a3c6c\" data-element_type=\"container\" data-settings=\"{&quot;background_background&quot;:&quot;classic&quot;}\" data-core-v316-plus=\"true\">\n\t\t\t\t\t<div class=\"e-con-inner\">\n\t\t\t\t\t<\/div>\n\t\t\t\t<\/div>\n\t\t<div class=\"elementor-element elementor-element-dc65b13 e-flex e-con-boxed e-con e-parent\" data-id=\"dc65b13\" data-element_type=\"container\" data-settings=\"{&quot;background_background&quot;:&quot;classic&quot;}\" data-core-v316-plus=\"true\">\n\t\t\t\t\t<div class=\"e-con-inner\">\n\t\t\t\t<div class=\"elementor-element elementor-element-1f0c23a elementor-grid-3 elementor-grid-tablet-2 elementor-grid-mobile-1 elementor-posts--thumbnail-top elementor-widget elementor-widget-posts\" data-id=\"1f0c23a\" data-element_type=\"widget\" data-settings=\"{&quot;classic_columns&quot;:&quot;3&quot;,&quot;classic_columns_tablet&quot;:&quot;2&quot;,&quot;classic_columns_mobile&quot;:&quot;1&quot;,&quot;classic_row_gap&quot;:{&quot;unit&quot;:&quot;px&quot;,&quot;size&quot;:35,&quot;sizes&quot;:[]},&quot;classic_row_gap_tablet&quot;:{&quot;unit&quot;:&quot;px&quot;,&quot;size&quot;:&quot;&quot;,&quot;sizes&quot;:[]},&quot;classic_row_gap_mobile&quot;:{&quot;unit&quot;:&quot;px&quot;,&quot;size&quot;:&quot;&quot;,&quot;sizes&quot;:[]}}\" data-widget_type=\"posts.classic\">\n\t\t\t\t<div class=\"elementor-widget-container\">\n\t\t\t<link rel=\"stylesheet\" href=\"https:\/\/eryd.com\/wp-content\/plugins\/elementor-pro\/assets\/css\/widget-posts.min.css\">\t\t<div class=\"elementor-posts-container elementor-posts elementor-posts--skin-classic elementor-grid\">\n\t\t\t\t<article class=\"elementor-post elementor-grid-item post-1648 post type-post status-publish format-standard has-post-thumbnail hentry category-non-classifiee\">\n\t\t\t\t<a class=\"elementor-post__thumbnail__link\" href=\"https:\/\/eryd.com\/fr\/eryd-dessine-une-nouvelle-gamme-de-catamarans-a-moteur-pour-makai-yachts\/\" tabindex=\"-1\" >\n\t\t\t<div class=\"elementor-post__thumbnail\"><img fetchpriority=\"high\" decoding=\"async\" width=\"550\" height=\"325\" src=\"https:\/\/eryd.com\/wp-content\/uploads\/2024\/04\/makai-37-2-web-site-2.webp\" class=\"attachment-full size-full wp-image-1134\" alt=\"\" srcset=\"https:\/\/eryd.com\/wp-content\/uploads\/2024\/04\/makai-37-2-web-site-2.webp 550w, https:\/\/eryd.com\/wp-content\/uploads\/2024\/04\/makai-37-2-web-site-2-300x177.webp 300w\" sizes=\"(max-width: 550px) 100vw, 550px\" \/><\/div>\n\t\t<\/a>\n\t\t\t\t<div class=\"elementor-post__text\">\n\t\t\t\t<h3 class=\"elementor-post__title\">\n\t\t\t<a href=\"https:\/\/eryd.com\/fr\/eryd-dessine-une-nouvelle-gamme-de-catamarans-a-moteur-pour-makai-yachts\/\" >\n\t\t\t\tERYD DESSINE UNE NOUVELLE GAMME DE CATAMARANS \u00c0 MOTEUR POUR MAKAI YACHTS\t\t\t<\/a>\n\t\t<\/h3>\n\t\t\t\t<div class=\"elementor-post__excerpt\">\n\t\t\t<p>D\u00e9couvrez les mod\u00e8les Makai 37 et Makai 45 dans la section &lsquo;moteur&rsquo; de notre site web.<\/p>\n\t\t<\/div>\n\t\t\t\t\t<div class=\"elementor-post__read-more-wrapper\">\n\t\t\n\t\t<a class=\"elementor-post__read-more\" href=\"https:\/\/eryd.com\/fr\/eryd-dessine-une-nouvelle-gamme-de-catamarans-a-moteur-pour-makai-yachts\/\" aria-label=\"Read more about ERYD DESSINE UNE NOUVELLE GAMME DE CATAMARANS \u00c0 MOTEUR POUR MAKAI YACHTS\" tabindex=\"-1\" >\n\t\t\tLIRE LA SUITE\t\t<\/a>\n\n\t\t\t\t\t<\/div>\n\t\t\t\t<\/div>\n\t\t\t\t<\/article>\n\t\t\t\t<article class=\"elementor-post elementor-grid-item post-1565 post type-post status-publish format-standard has-post-thumbnail hentry category-non-classifiee\">\n\t\t\t\t<a class=\"elementor-post__thumbnail__link\" href=\"https:\/\/eryd.com\/fr\/eryd-32-kaster\/\" tabindex=\"-1\" >\n\t\t\t<div class=\"elementor-post__thumbnail\"><img decoding=\"async\" width=\"550\" height=\"325\" src=\"https:\/\/eryd.com\/wp-content\/uploads\/2024\/04\/IMG_20201009_092126-scaled-1.webp\" class=\"attachment-full size-full wp-image-1136\" alt=\"\" srcset=\"https:\/\/eryd.com\/wp-content\/uploads\/2024\/04\/IMG_20201009_092126-scaled-1.webp 550w, https:\/\/eryd.com\/wp-content\/uploads\/2024\/04\/IMG_20201009_092126-scaled-1-300x177.webp 300w\" sizes=\"(max-width: 550px) 100vw, 550px\" \/><\/div>\n\t\t<\/a>\n\t\t\t\t<div class=\"elementor-post__text\">\n\t\t\t\t<h3 class=\"elementor-post__title\">\n\t\t\t<a href=\"https:\/\/eryd.com\/fr\/eryd-32-kaster\/\" >\n\t\t\t\tERYD 32 \u00ab\u00a0KASTER\t\t\t<\/a>\n\t\t<\/h3>\n\t\t\t\t<div class=\"elementor-post__excerpt\">\n\t\t\t<p>Bienvenue au nouveau ERYD 32 \u00ab\u00a0Kaster\u00a0\u00bb.<\/p>\n\t\t<\/div>\n\t\t\t\t\t<div class=\"elementor-post__read-more-wrapper\">\n\t\t\n\t\t<a class=\"elementor-post__read-more\" href=\"https:\/\/eryd.com\/fr\/eryd-32-kaster\/\" aria-label=\"Read more about ERYD 32 \u00ab\u00a0KASTER\" tabindex=\"-1\" >\n\t\t\tLIRE LA SUITE\t\t<\/a>\n\n\t\t\t\t\t<\/div>\n\t\t\t\t<\/div>\n\t\t\t\t<\/article>\n\t\t\t\t<article class=\"elementor-post elementor-grid-item post-1601 post type-post status-publish format-standard has-post-thumbnail hentry category-non-classifiee\">\n\t\t\t\t<a class=\"elementor-post__thumbnail__link\" href=\"https:\/\/eryd.com\/fr\/feu-vert-iii-alle-voiles-de-st-tropez-2020\/\" tabindex=\"-1\" >\n\t\t\t<div class=\"elementor-post__thumbnail\"><img decoding=\"async\" width=\"550\" height=\"325\" src=\"https:\/\/eryd.com\/wp-content\/uploads\/2024\/04\/FEUVERT-0110-4466.webp\" class=\"attachment-full size-full wp-image-1138\" alt=\"\" srcset=\"https:\/\/eryd.com\/wp-content\/uploads\/2024\/04\/FEUVERT-0110-4466.webp 550w, https:\/\/eryd.com\/wp-content\/uploads\/2024\/04\/FEUVERT-0110-4466-300x177.webp 300w\" sizes=\"(max-width: 550px) 100vw, 550px\" \/><\/div>\n\t\t<\/a>\n\t\t\t\t<div class=\"elementor-post__text\">\n\t\t\t\t<h3 class=\"elementor-post__title\">\n\t\t\t<a href=\"https:\/\/eryd.com\/fr\/feu-vert-iii-alle-voiles-de-st-tropez-2020\/\" >\n\t\t\t\tFEU VERT III ALLE VOILES DE ST TROPEZ 2020\t\t\t<\/a>\n\t\t<\/h3>\n\t\t\t\t<div class=\"elementor-post__excerpt\">\n\t\t\t<p>l&rsquo;ERYD 32 XSM &lsquo;Feu vert III&rsquo; aux Voiles de St Tropez 2020<\/p>\n\t\t<\/div>\n\t\t\t\t\t<div class=\"elementor-post__read-more-wrapper\">\n\t\t\n\t\t<a class=\"elementor-post__read-more\" href=\"https:\/\/eryd.com\/fr\/feu-vert-iii-alle-voiles-de-st-tropez-2020\/\" aria-label=\"Read more about FEU VERT III ALLE VOILES DE ST TROPEZ 2020\" tabindex=\"-1\" >\n\t\t\tLIRE LA SUITE\t\t<\/a>\n\n\t\t\t\t\t<\/div>\n\t\t\t\t<\/div>\n\t\t\t\t<\/article>\n\t\t\t\t<article class=\"elementor-post elementor-grid-item post-1546 post type-post status-publish format-standard has-post-thumbnail hentry category-non-classifiee\">\n\t\t\t\t<a class=\"elementor-post__thumbnail__link\" href=\"https:\/\/eryd.com\/fr\/eryd-32-est-presque-pret\/\" tabindex=\"-1\" >\n\t\t\t<div class=\"elementor-post__thumbnail\"><img loading=\"lazy\" decoding=\"async\" width=\"550\" height=\"325\" src=\"https:\/\/eryd.com\/wp-content\/uploads\/2024\/04\/176A2176.webp\" class=\"attachment-full size-full wp-image-1170\" alt=\"\" srcset=\"https:\/\/eryd.com\/wp-content\/uploads\/2024\/04\/176A2176.webp 550w, https:\/\/eryd.com\/wp-content\/uploads\/2024\/04\/176A2176-300x177.webp 300w\" sizes=\"(max-width: 550px) 100vw, 550px\" \/><\/div>\n\t\t<\/a>\n\t\t\t\t<div class=\"elementor-post__text\">\n\t\t\t\t<h3 class=\"elementor-post__title\">\n\t\t\t<a href=\"https:\/\/eryd.com\/fr\/eryd-32-est-presque-pret\/\" >\n\t\t\t\tERYD 32 EST PRESQUE PR\u00caT !\t\t\t<\/a>\n\t\t<\/h3>\n\t\t\t\t<div class=\"elementor-post__excerpt\">\n\t\t\t<p>Notre nouveau ERYD 32 est presque pr\u00eat \u00e0 \u00eatre lanc\u00e9 ! Derni\u00e8res v\u00e9rifications avant l&rsquo;installation finale de l&rsquo;\u00e9quipement de la terrasse<\/p>\n\t\t<\/div>\n\t\t\t\t\t<div class=\"elementor-post__read-more-wrapper\">\n\t\t\n\t\t<a class=\"elementor-post__read-more\" href=\"https:\/\/eryd.com\/fr\/eryd-32-est-presque-pret\/\" aria-label=\"Read more about ERYD 32 EST PRESQUE PR\u00caT !\" tabindex=\"-1\" >\n\t\t\tLIRE LA SUITE\t\t<\/a>\n\n\t\t\t\t\t<\/div>\n\t\t\t\t<\/div>\n\t\t\t\t<\/article>\n\t\t\t\t<article class=\"elementor-post elementor-grid-item post-1596 post type-post status-publish format-standard has-post-thumbnail hentry category-non-classifiee\">\n\t\t\t\t<a class=\"elementor-post__thumbnail__link\" href=\"https:\/\/eryd.com\/fr\/eryd-32-bientot-disponible\/\" tabindex=\"-1\" >\n\t\t\t<div class=\"elementor-post__thumbnail\"><img loading=\"lazy\" decoding=\"async\" width=\"550\" height=\"325\" src=\"https:\/\/eryd.com\/wp-content\/uploads\/2024\/04\/ERYD32News.webp\" class=\"attachment-full size-full wp-image-1172\" alt=\"\" srcset=\"https:\/\/eryd.com\/wp-content\/uploads\/2024\/04\/ERYD32News.webp 550w, https:\/\/eryd.com\/wp-content\/uploads\/2024\/04\/ERYD32News-300x177.webp 300w\" sizes=\"(max-width: 550px) 100vw, 550px\" \/><\/div>\n\t\t<\/a>\n\t\t\t\t<div class=\"elementor-post__text\">\n\t\t\t\t<h3 class=\"elementor-post__title\">\n\t\t\t<a href=\"https:\/\/eryd.com\/fr\/eryd-32-bientot-disponible\/\" >\n\t\t\t\tERYD 32 BIENT\u00d4T DISPONIBLE\t\t\t<\/a>\n\t\t<\/h3>\n\t\t\t\t<div class=\"elementor-post__excerpt\">\n\t\t\t<p>Apr\u00e8s une longue phase d&rsquo;\u00e9tude et de conception, la construction de notre nouveau mod\u00e8le, l&rsquo;ERYD 32, a enfin commenc\u00e9 et sera achev\u00e9e prochainement. Dans les<\/p>\n\t\t<\/div>\n\t\t\t\t\t<div class=\"elementor-post__read-more-wrapper\">\n\t\t\n\t\t<a class=\"elementor-post__read-more\" href=\"https:\/\/eryd.com\/fr\/eryd-32-bientot-disponible\/\" aria-label=\"Read more about ERYD 32 BIENT\u00d4T DISPONIBLE\" tabindex=\"-1\" >\n\t\t\tLIRE LA SUITE\t\t<\/a>\n\n\t\t\t\t\t<\/div>\n\t\t\t\t<\/div>\n\t\t\t\t<\/article>\n\t\t\t\t<article class=\"elementor-post elementor-grid-item post-1636 post type-post status-publish format-standard has-post-thumbnail hentry category-non-classifiee\">\n\t\t\t\t<a class=\"elementor-post__thumbnail__link\" href=\"https:\/\/eryd.com\/fr\/voiles-de-saint-tropez-2017\/\" tabindex=\"-1\" >\n\t\t\t<div class=\"elementor-post__thumbnail\"><img loading=\"lazy\" decoding=\"async\" width=\"550\" height=\"325\" src=\"https:\/\/eryd.com\/wp-content\/uploads\/2024\/04\/10-VST17-D5_4497-1030x687-1.webp\" class=\"attachment-full size-full wp-image-1174\" alt=\"\" srcset=\"https:\/\/eryd.com\/wp-content\/uploads\/2024\/04\/10-VST17-D5_4497-1030x687-1.webp 550w, https:\/\/eryd.com\/wp-content\/uploads\/2024\/04\/10-VST17-D5_4497-1030x687-1-300x177.webp 300w\" sizes=\"(max-width: 550px) 100vw, 550px\" \/><\/div>\n\t\t<\/a>\n\t\t\t\t<div class=\"elementor-post__text\">\n\t\t\t\t<h3 class=\"elementor-post__title\">\n\t\t\t<a href=\"https:\/\/eryd.com\/fr\/voiles-de-saint-tropez-2017\/\" >\n\t\t\t\tVOILES DE SAINT TROPEZ 2017\t\t\t<\/a>\n\t\t<\/h3>\n\t\t\t\t<div class=\"elementor-post__excerpt\">\n\t\t\t<p>l&rsquo;ERYD 30 Feu Vert II aux Voiles de St.Tropez 2017, traversant \u00ab\u00a0courageusement\u00a0\u00bb la Baltique 130 \u00ab\u00a0My Song\u00a0\u00bb&#8230;Photo Gilles Martin-Raget<\/p>\n\t\t<\/div>\n\t\t\t\t\t<div class=\"elementor-post__read-more-wrapper\">\n\t\t\n\t\t<a class=\"elementor-post__read-more\" href=\"https:\/\/eryd.com\/fr\/voiles-de-saint-tropez-2017\/\" aria-label=\"Read more about VOILES DE SAINT TROPEZ 2017\" tabindex=\"-1\" >\n\t\t\tLIRE LA SUITE\t\t<\/a>\n\n\t\t\t\t\t<\/div>\n\t\t\t\t<\/div>\n\t\t\t\t<\/article>\n\t\t\t\t<article class=\"elementor-post elementor-grid-item post-1567 post type-post status-publish format-standard has-post-thumbnail hentry category-non-classifiee\">\n\t\t\t\t<a class=\"elementor-post__thumbnail__link\" href=\"https:\/\/eryd.com\/fr\/eryd-30-eltheole-junior\/\" tabindex=\"-1\" >\n\t\t\t<div class=\"elementor-post__thumbnail\"><img loading=\"lazy\" decoding=\"async\" width=\"550\" height=\"325\" src=\"https:\/\/eryd.com\/wp-content\/uploads\/2024\/04\/A-leau-5.webp\" class=\"attachment-full size-full wp-image-1176\" alt=\"\" srcset=\"https:\/\/eryd.com\/wp-content\/uploads\/2024\/04\/A-leau-5.webp 550w, https:\/\/eryd.com\/wp-content\/uploads\/2024\/04\/A-leau-5-300x177.webp 300w\" sizes=\"(max-width: 550px) 100vw, 550px\" \/><\/div>\n\t\t<\/a>\n\t\t\t\t<div class=\"elementor-post__text\">\n\t\t\t\t<h3 class=\"elementor-post__title\">\n\t\t\t<a href=\"https:\/\/eryd.com\/fr\/eryd-30-eltheole-junior\/\" >\n\t\t\t\tERYD 30 \u00a0\u00bb ELTH\u00c9OLE JUNIOR \u00ab\u00a0\t\t\t<\/a>\n\t\t<\/h3>\n\t\t\t\t<div class=\"elementor-post__excerpt\">\n\t\t\t<p>Tous nos compliments au propri\u00e9taire enthousiaste de l&rsquo;ERYD 30 Elth\u00e9ole Junior qui naviguera \u00e0 La Trinit\u00e9.<\/p>\n\t\t<\/div>\n\t\t\t\t\t<div class=\"elementor-post__read-more-wrapper\">\n\t\t\n\t\t<a class=\"elementor-post__read-more\" href=\"https:\/\/eryd.com\/fr\/eryd-30-eltheole-junior\/\" aria-label=\"Read more about ERYD 30 \u00a0\u00bb ELTH\u00c9OLE JUNIOR \u00ab\u00a0\" tabindex=\"-1\" >\n\t\t\tLIRE LA SUITE\t\t<\/a>\n\n\t\t\t\t\t<\/div>\n\t\t\t\t<\/div>\n\t\t\t\t<\/article>\n\t\t\t\t<article class=\"elementor-post elementor-grid-item post-1612 post type-post status-publish format-standard has-post-thumbnail hentry category-non-classifiee\">\n\t\t\t\t<a class=\"elementor-post__thumbnail__link\" href=\"https:\/\/eryd.com\/fr\/ytem-yachtn-italy-export-museum\/\" tabindex=\"-1\" >\n\t\t\t<div class=\"elementor-post__thumbnail\"><img loading=\"lazy\" decoding=\"async\" width=\"550\" height=\"325\" src=\"https:\/\/eryd.com\/wp-content\/uploads\/2024\/04\/12132503_10207568013949298_5663514617458603783_o.webp\" class=\"attachment-full size-full wp-image-1178\" alt=\"\" srcset=\"https:\/\/eryd.com\/wp-content\/uploads\/2024\/04\/12132503_10207568013949298_5663514617458603783_o.webp 550w, https:\/\/eryd.com\/wp-content\/uploads\/2024\/04\/12132503_10207568013949298_5663514617458603783_o-300x177.webp 300w\" sizes=\"(max-width: 550px) 100vw, 550px\" \/><\/div>\n\t\t<\/a>\n\t\t\t\t<div class=\"elementor-post__text\">\n\t\t\t\t<h3 class=\"elementor-post__title\">\n\t\t\t<a href=\"https:\/\/eryd.com\/fr\/ytem-yachtn-italy-export-museum\/\" >\n\t\t\t\tYTEM YACHT&rsquo;N ITALY EXPORT MUSEUM\t\t\t<\/a>\n\t\t<\/h3>\n\t\t\t\t<div class=\"elementor-post__excerpt\">\n\t\t\t<p>L&rsquo;ERYD 30 a \u00e9t\u00e9 inclus dans le catalogue de l&rsquo;YTEM (Yacht&rsquo;n Italy Export Museum) comme l&rsquo;un des dix chefs-d&rsquo;\u0153uvre du design italien dans l&rsquo;industrie navale<\/p>\n\t\t<\/div>\n\t\t\t\t\t<div class=\"elementor-post__read-more-wrapper\">\n\t\t\n\t\t<a class=\"elementor-post__read-more\" href=\"https:\/\/eryd.com\/fr\/ytem-yachtn-italy-export-museum\/\" aria-label=\"Read more about YTEM YACHT&rsquo;N ITALY EXPORT MUSEUM\" tabindex=\"-1\" >\n\t\t\tLIRE LA SUITE\t\t<\/a>\n\n\t\t\t\t\t<\/div>\n\t\t\t\t<\/div>\n\t\t\t\t<\/article>\n\t\t\t\t<article class=\"elementor-post elementor-grid-item post-1547 post type-post status-publish format-standard has-post-thumbnail hentry category-non-classifiee\">\n\t\t\t\t<a class=\"elementor-post__thumbnail__link\" href=\"https:\/\/eryd.com\/fr\/voiles-de-st-tropez-2016\/\" tabindex=\"-1\" >\n\t\t\t<div class=\"elementor-post__thumbnail\"><img loading=\"lazy\" decoding=\"async\" width=\"550\" height=\"325\" src=\"https:\/\/eryd.com\/wp-content\/uploads\/2024\/04\/feuvert-3-news.webp\" class=\"attachment-full size-full wp-image-1180\" alt=\"\" srcset=\"https:\/\/eryd.com\/wp-content\/uploads\/2024\/04\/feuvert-3-news.webp 550w, https:\/\/eryd.com\/wp-content\/uploads\/2024\/04\/feuvert-3-news-300x177.webp 300w\" sizes=\"(max-width: 550px) 100vw, 550px\" \/><\/div>\n\t\t<\/a>\n\t\t\t\t<div class=\"elementor-post__text\">\n\t\t\t\t<h3 class=\"elementor-post__title\">\n\t\t\t<a href=\"https:\/\/eryd.com\/fr\/voiles-de-st-tropez-2016\/\" >\n\t\t\t\tVOILES DE ST. TROPEZ 2016\t\t\t<\/a>\n\t\t<\/h3>\n\t\t\t\t<div class=\"elementor-post__excerpt\">\n\t\t\t<p>Voici une belle image de l&rsquo;ERYD 30 Feu Vert II aux Voiles de St.Tropez 2016<\/p>\n\t\t<\/div>\n\t\t\t\t\t<div class=\"elementor-post__read-more-wrapper\">\n\t\t\n\t\t<a class=\"elementor-post__read-more\" href=\"https:\/\/eryd.com\/fr\/voiles-de-st-tropez-2016\/\" aria-label=\"Read more about VOILES DE ST. TROPEZ 2016\" tabindex=\"-1\" >\n\t\t\tLIRE LA SUITE\t\t<\/a>\n\n\t\t\t\t\t<\/div>\n\t\t\t\t<\/div>\n\t\t\t\t<\/article>\n\t\t\t\t<article class=\"elementor-post elementor-grid-item post-1589 post type-post status-publish format-standard has-post-thumbnail hentry category-non-classifiee\">\n\t\t\t\t<a class=\"elementor-post__thumbnail__link\" href=\"https:\/\/eryd.com\/fr\/premieres-courses-pour-feu-vert-ii\/\" tabindex=\"-1\" >\n\t\t\t<div class=\"elementor-post__thumbnail\"><img loading=\"lazy\" decoding=\"async\" width=\"550\" height=\"325\" src=\"https:\/\/eryd.com\/wp-content\/uploads\/2024\/04\/regata_feu_vert.webp\" class=\"attachment-full size-full wp-image-1182\" alt=\"\" srcset=\"https:\/\/eryd.com\/wp-content\/uploads\/2024\/04\/regata_feu_vert.webp 550w, https:\/\/eryd.com\/wp-content\/uploads\/2024\/04\/regata_feu_vert-300x177.webp 300w\" sizes=\"(max-width: 550px) 100vw, 550px\" \/><\/div>\n\t\t<\/a>\n\t\t\t\t<div class=\"elementor-post__text\">\n\t\t\t\t<h3 class=\"elementor-post__title\">\n\t\t\t<a href=\"https:\/\/eryd.com\/fr\/premieres-courses-pour-feu-vert-ii\/\" >\n\t\t\t\tPREMI\u00c8RES COURSES POUR FEU VERT II\t\t\t<\/a>\n\t\t<\/h3>\n\t\t\t\t<div class=\"elementor-post__excerpt\">\n\t\t\t<p>Premi\u00e8res courses pour Feu Vert II. le bateau participera en juin \u00e0 la Rolex Cup de St Tropez et en octobre aux Voiles de St<\/p>\n\t\t<\/div>\n\t\t\t\t\t<div class=\"elementor-post__read-more-wrapper\">\n\t\t\n\t\t<a class=\"elementor-post__read-more\" href=\"https:\/\/eryd.com\/fr\/premieres-courses-pour-feu-vert-ii\/\" aria-label=\"Read more about PREMI\u00c8RES COURSES POUR FEU VERT II\" tabindex=\"-1\" >\n\t\t\tLIRE LA SUITE\t\t<\/a>\n\n\t\t\t\t\t<\/div>\n\t\t\t\t<\/div>\n\t\t\t\t<\/article>\n\t\t\t\t<article class=\"elementor-post elementor-grid-item post-2481 post type-post status-publish format-standard has-post-thumbnail hentry category-non-classifiee\">\n\t\t\t\t<a class=\"elementor-post__thumbnail__link\" href=\"https:\/\/eryd.com\/fr\/makai-37-meilleur-catamaran-2024\/\" tabindex=\"-1\" >\n\t\t\t<div class=\"elementor-post__thumbnail\"><img loading=\"lazy\" decoding=\"async\" width=\"907\" height=\"681\" src=\"https:\/\/eryd.com\/wp-content\/uploads\/2024\/05\/Cattura-e1716309816805.jpg\" class=\"attachment-full size-full wp-image-2475\" alt=\"Il Makai 37 \u00e8 stato nominato dalla prestigiosa rivista Multihulls-world come miglior catamarano a motore del 2024.\" \/><\/div>\n\t\t<\/a>\n\t\t\t\t<div class=\"elementor-post__text\">\n\t\t\t\t<h3 class=\"elementor-post__title\">\n\t\t\t<a href=\"https:\/\/eryd.com\/fr\/makai-37-meilleur-catamaran-2024\/\" >\n\t\t\t\tMAKAI 37 nomin\u00e9 comme Meilleur Catamaran 2024\t\t\t<\/a>\n\t\t<\/h3>\n\t\t\t\t<div class=\"elementor-post__excerpt\">\n\t\t\t<p>Le Makai 37 a \u00e9t\u00e9 nomin\u00e9 par le prestigieux magazine Multihulls-world pour le titre de meilleur catamaran \u00e0 moteur de 2024.<\/p>\n\t\t<\/div>\n\t\t\t\t\t<div class=\"elementor-post__read-more-wrapper\">\n\t\t\n\t\t<a class=\"elementor-post__read-more\" href=\"https:\/\/eryd.com\/fr\/makai-37-meilleur-catamaran-2024\/\" aria-label=\"Read more about MAKAI 37 nomin\u00e9 comme Meilleur Catamaran 2024\" tabindex=\"-1\" >\n\t\t\tLIRE LA SUITE\t\t<\/a>\n\n\t\t\t\t\t<\/div>\n\t\t\t\t<\/div>\n\t\t\t\t<\/article>\n\t\t\t\t<article class=\"elementor-post elementor-grid-item post-2495 post type-post status-publish format-standard has-post-thumbnail hentry category-non-classifiee\">\n\t\t\t\t<a class=\"elementor-post__thumbnail__link\" href=\"https:\/\/eryd.com\/fr\/voici-le-makai-37\/\" tabindex=\"-1\" >\n\t\t\t<div class=\"elementor-post__thumbnail\"><img loading=\"lazy\" decoding=\"async\" width=\"921\" height=\"613\" src=\"https:\/\/eryd.com\/wp-content\/uploads\/2024\/05\/IMG-20240408-WA0021.jpg\" class=\"attachment-full size-full wp-image-2489\" alt=\"Varato nelle acque di Spalato il primo esemplare del Makai 37 che sar\u00e0 presente ai prossimi saloni di Palma de Maillorca dal 25 al 28 aprile e Venezia dal 29 maggio al 2 giugno\" srcset=\"https:\/\/eryd.com\/wp-content\/uploads\/2024\/05\/IMG-20240408-WA0021.jpg 921w, https:\/\/eryd.com\/wp-content\/uploads\/2024\/05\/IMG-20240408-WA0021-300x200.jpg 300w, https:\/\/eryd.com\/wp-content\/uploads\/2024\/05\/IMG-20240408-WA0021-768x511.jpg 768w\" sizes=\"(max-width: 921px) 100vw, 921px\" \/><\/div>\n\t\t<\/a>\n\t\t\t\t<div class=\"elementor-post__text\">\n\t\t\t\t<h3 class=\"elementor-post__title\">\n\t\t\t<a href=\"https:\/\/eryd.com\/fr\/voici-le-makai-37\/\" >\n\t\t\t\tVoici le MAKAI 37\t\t\t<\/a>\n\t\t<\/h3>\n\t\t\t\t<div class=\"elementor-post__excerpt\">\n\t\t\t<p>Lanc\u00e9 dans les eaux de Split, le premier Makai 37 sera pr\u00e9sent aux prochains salons nautiques de Palma de Maillorca du 25 au 28 avril<\/p>\n\t\t<\/div>\n\t\t\t\t\t<div class=\"elementor-post__read-more-wrapper\">\n\t\t\n\t\t<a class=\"elementor-post__read-more\" href=\"https:\/\/eryd.com\/fr\/voici-le-makai-37\/\" aria-label=\"Read more about Voici le MAKAI 37\" tabindex=\"-1\" >\n\t\t\tLIRE LA SUITE\t\t<\/a>\n\n\t\t\t\t\t<\/div>\n\t\t\t\t<\/div>\n\t\t\t\t<\/article>\n\t\t\t\t<\/div>\n\t\t\n\t\t\t\t<\/div>\n\t\t\t\t<\/div>\n\t\t\t\t\t<\/div>\n\t\t\t\t<\/div>\n\t\t\t\t<\/div>\n\t\t","protected":false},"excerpt":{"rendered":"","protected":false},"author":1,"featured_media":0,"parent":0,"menu_order":0,"comment_status":"closed","ping_status":"closed","template":"","meta":{"_acf_changed":false,"om_disable_all_campaigns":false,"_monsterinsights_skip_tracking":false,"_monsterinsights_sitenote_active":false,"_monsterinsights_sitenote_note":"","_monsterinsights_sitenote_category":0,"footnotes":""},"class_list":["post-1517","page","type-page","status-publish","hentry"],"blocksy_meta":[],"acf":[],"aioseo_notices":[],"_links":{"self":[{"href":"https:\/\/eryd.com\/fr\/wp-json\/wp\/v2\/pages\/1517","targetHints":{"allow":["GET"]}}],"collection":[{"href":"https:\/\/eryd.com\/fr\/wp-json\/wp\/v2\/pages"}],"about":[{"href":"https:\/\/eryd.com\/fr\/wp-json\/wp\/v2\/types\/page"}],"author":[{"embeddable":true,"href":"https:\/\/eryd.com\/fr\/wp-json\/wp\/v2\/users\/1"}],"replies":[{"embeddable":true,"href":"https:\/\/eryd.com\/fr\/wp-json\/wp\/v2\/comments?post=1517"}],"version-history":[{"count":1,"href":"https:\/\/eryd.com\/fr\/wp-json\/wp\/v2\/pages\/1517\/revisions"}],"predecessor-version":[{"id":1521,"href":"https:\/\/eryd.com\/fr\/wp-json\/wp\/v2\/pages\/1517\/revisions\/1521"}],"wp:attachment":[{"href":"https:\/\/eryd.com\/fr\/wp-json\/wp\/v2\/media?parent=1517"}],"curies":[{"name":"wp","href":"https:\/\/api.w.org\/{rel}","templated":true}]}}